{"id":2211,"date":"2025-02-11T21:38:19","date_gmt":"2025-02-12T02:38:19","guid":{"rendered":"https:\/\/bogha.store\/?post_type=product&#038;p=2211"},"modified":"2025-02-11T21:38:36","modified_gmt":"2025-02-12T02:38:36","slug":"acondicionador","status":"publish","type":"product","link":"https:\/\/bogha.store\/en\/product\/acondicionador\/","title":{"rendered":"Conditioner"},"content":{"rendered":"<p>Descubre el Acondicionador Crecimiento M\u00e1gico, la soluci\u00f3n natural para la ca\u00edda del cabello con extractos herbales.<\/p>\n<p><span style=\"vertical-align: inherit;\"><span style=\"vertical-align: inherit;\">Ingredientes:<\/span><\/span><\/p>\n<ul>\n<li>Aceite de coco<\/li>\n<li>Manzanilla<\/li>\n<li><span style=\"vertical-align: inherit;\"><span style=\"vertical-align: inherit;\">Espinosa<\/span><\/span><\/li>\n<li><span style=\"vertical-align: inherit;\"><span style=\"vertical-align: inherit;\">Bergamota<\/span><\/span><\/li>\n<\/ul>\n<p>Esta gran combinaci\u00f3n le dan brillo y suavidad a tu cabello, obt\u00e9n resultados reales para un cabello saludable y radiante.<\/p>","protected":false},"excerpt":{"rendered":"<p>Discover the Magic Growth Conditioner, the natural solution for hair loss with herbal extracts. Ingredients: Coconut Oil, Chamomile, Spiny Berry, Bergamot. This great combination gives shine and softness to your hair, achieving real results for healthy and radiant hair.<\/p>","protected":false},"featured_media":2221,"comment_status":"open","ping_status":"closed","template":"","meta":{"_crdt_document":"","advanced_seo_description":"","jetpack_seo_html_title":"","jetpack_seo_noindex":false,"jetpack_post_was_ever_published":false,"jetpack_publicize_message":"","jetpack_publicize_feature_enabled":true,"jetpack_social_post_already_shared":true,"jetpack_social_options":{"image_generator_settings":{"template":"highway","default_image_id":0,"font":"","enabled":false},"version":2},"_wpas_customize_per_network":false},"product_brand":[],"product_cat":[1383],"product_tag":[1410,1413,1412,1411],"class_list":{"0":"post-2211","1":"product","2":"type-product","3":"status-publish","4":"has-post-thumbnail","6":"product_cat-beauty","7":"product_tag-acondicionador","8":"product_tag-bogha","9":"product_tag-brillo","10":"product_tag-cabello","12":"first","13":"instock","14":"taxable","15":"shipping-taxable","16":"purchasable","17":"product-type-simple"},"exclude_global_add_ons":[],"addons":[],"jetpack_publicize_connections":[],"jetpack_sharing_enabled":true,"jetpack_likes_enabled":false,"_links":{"self":[{"href":"https:\/\/bogha.store\/en\/wp-json\/wp\/v2\/product\/2211","targetHints":{"allow":["GET"]}}],"collection":[{"href":"https:\/\/bogha.store\/en\/wp-json\/wp\/v2\/product"}],"about":[{"href":"https:\/\/bogha.store\/en\/wp-json\/wp\/v2\/types\/product"}],"replies":[{"embeddable":true,"href":"https:\/\/bogha.store\/en\/wp-json\/wp\/v2\/comments?post=2211"}],"wp:featuredmedia":[{"embeddable":true,"href":"https:\/\/bogha.store\/en\/wp-json\/wp\/v2\/media\/2221"}],"wp:attachment":[{"href":"https:\/\/bogha.store\/en\/wp-json\/wp\/v2\/media?parent=2211"}],"wp:term":[{"taxonomy":"product_brand","embeddable":true,"href":"https:\/\/bogha.store\/en\/wp-json\/wp\/v2\/product_brand?post=2211"},{"taxonomy":"product_cat","embeddable":true,"href":"https:\/\/bogha.store\/en\/wp-json\/wp\/v2\/product_cat?post=2211"},{"taxonomy":"product_tag","embeddable":true,"href":"https:\/\/bogha.store\/en\/wp-json\/wp\/v2\/product_tag?post=2211"}],"curies":[{"name":"wp","href":"https:\/\/api.w.org\/{rel}","templated":true}]}}