{"id":2222,"date":"2025-02-11T21:43:43","date_gmt":"2025-02-12T02:43:43","guid":{"rendered":"https:\/\/bogha.store\/?post_type=product&#038;p=2222"},"modified":"2025-02-11T21:43:43","modified_gmt":"2025-02-12T02:43:43","slug":"tonico-capilar","status":"publish","type":"product","link":"https:\/\/bogha.store\/en\/product\/tonico-capilar\/","title":{"rendered":"Scalp Tonic"},"content":{"rendered":"<p>Hidrataci\u00f3n profunda de nuestra 5 hierbas esenciales aumentan la circulaci\u00f3n sangu\u00ednea, lo que permite que se transporte m\u00e1s ox\u00edgeno al cuero cabelludo. M\u00e1s ox\u00edgeno estimular\u00e1 los fol\u00edculos pilosos, lo que dar\u00e1 como resultado un cabello nutrido y m\u00e1s grueso, sin caspa.<\/p>","protected":false},"excerpt":{"rendered":"<p>Hidrataci\u00f3n profunda de nuestra 5 hierbas esenciales aumentan la circulaci\u00f3n sangu\u00ednea, lo que permite que se transporte m\u00e1s ox\u00edgeno al cuero cabelludo. M\u00e1s ox\u00edgeno estimular\u00e1 los fol\u00edculos pilosos, lo que dar\u00e1 como resultado un cabello nutrido y m\u00e1s grueso, sin caspa.<\/p>","protected":false},"featured_media":2215,"comment_status":"open","ping_status":"closed","template":"","meta":{"_crdt_document":"","advanced_seo_description":"","jetpack_seo_html_title":"","jetpack_seo_noindex":false,"jetpack_post_was_ever_published":false,"jetpack_publicize_message":"","jetpack_publicize_feature_enabled":true,"jetpack_social_post_already_shared":true,"jetpack_social_options":{"image_generator_settings":{"template":"highway","default_image_id":0,"font":"","enabled":false},"version":2},"_wpas_customize_per_network":false},"product_brand":[],"product_cat":[],"product_tag":[],"class_list":{"0":"post-2222","1":"product","2":"type-product","3":"status-publish","4":"has-post-thumbnail","7":"first","8":"instock","9":"taxable","10":"shipping-taxable","11":"purchasable","12":"product-type-simple"},"exclude_global_add_ons":[],"addons":[],"jetpack_publicize_connections":[],"jetpack_sharing_enabled":true,"jetpack_likes_enabled":false,"_links":{"self":[{"href":"https:\/\/bogha.store\/en\/wp-json\/wp\/v2\/product\/2222","targetHints":{"allow":["GET"]}}],"collection":[{"href":"https:\/\/bogha.store\/en\/wp-json\/wp\/v2\/product"}],"about":[{"href":"https:\/\/bogha.store\/en\/wp-json\/wp\/v2\/types\/product"}],"replies":[{"embeddable":true,"href":"https:\/\/bogha.store\/en\/wp-json\/wp\/v2\/comments?post=2222"}],"wp:featuredmedia":[{"embeddable":true,"href":"https:\/\/bogha.store\/en\/wp-json\/wp\/v2\/media\/2215"}],"wp:attachment":[{"href":"https:\/\/bogha.store\/en\/wp-json\/wp\/v2\/media?parent=2222"}],"wp:term":[{"taxonomy":"product_brand","embeddable":true,"href":"https:\/\/bogha.store\/en\/wp-json\/wp\/v2\/product_brand?post=2222"},{"taxonomy":"product_cat","embeddable":true,"href":"https:\/\/bogha.store\/en\/wp-json\/wp\/v2\/product_cat?post=2222"},{"taxonomy":"product_tag","embeddable":true,"href":"https:\/\/bogha.store\/en\/wp-json\/wp\/v2\/product_tag?post=2222"}],"curies":[{"name":"wp","href":"https:\/\/api.w.org\/{rel}","templated":true}]}}